{"id":856,"date":"2021-04-30T14:26:05","date_gmt":"2021-04-30T12:26:05","guid":{"rendered":"https:\/\/meble.womil.pl\/?post_type=product&#038;p=856"},"modified":"2025-03-05T12:29:19","modified_gmt":"2025-03-05T11:29:19","slug":"fotel-klubowy-amazon-skaj-eco-skora-szary","status":"publish","type":"product","link":"https:\/\/meble.womil.pl\/index.php\/produkt\/fotel-klubowy-amazon-skaj-eco-skora-szary\/","title":{"rendered":"Fotel Klubowy Amazon &#8211; skaj eco sk\u00f3ra szary"},"content":{"rendered":"\t\t<div data-elementor-type=\"wp-post\" data-elementor-id=\"856\" class=\"elementor elementor-856\">\n\t\t\t\t\t\t<section class=\"elementor-section elementor-top-section elementor-element elementor-element-2f09cd8 elementor-section-boxed elementor-section-height-default elementor-section-height-default\" data-id=\"2f09cd8\" data-element_type=\"section\" data-e-type=\"section\">\n\t\t\t\t\t\t<div class=\"elementor-container elementor-column-gap-default\">\n\t\t\t\t\t<div class=\"elementor-column elementor-col-100 elementor-top-column elementor-element elementor-element-a449ae9\" data-id=\"a449ae9\" data-element_type=\"column\" data-e-type=\"column\">\n\t\t\t<div class=\"elementor-widget-wrap elementor-element-populated\">\n\t\t\t\t\t\t<div class=\"elementor-element elementor-element-75103d7 elementor-widget elementor-widget-text-editor\" data-id=\"75103d7\" data-element_type=\"widget\" data-e-type=\"widget\" data-widget_type=\"text-editor.default\">\n\t\t\t\t<div class=\"elementor-widget-container\">\n\t\t\t\t\t\t\t\t\t<h2>Fotel klubowy Amazon<\/h2><p>Fotel Amazon to doskona\u0142e i nowoczesne uzupe\u0142nienie wystroju naszych wn\u0119trz &#8211; prostota i elegancja w jednym.<\/p><p>Idealnie wkomponuje si\u0119 w ka\u017cde wn\u0119trze &#8211; pasuje do salonu lub biura, sprawdzi si\u0119 w lokalach rozrywkowych i gastronomicznych, pubach, klubach, kawiarniach czy dyskotekach.<\/p>\t\t\t\t\t\t\t\t<\/div>\n\t\t\t\t<\/div>\n\t\t\t\t\t<\/div>\n\t\t<\/div>\n\t\t\t\t\t<\/div>\n\t\t<\/section>\n\t\t\t\t<section class=\"elementor-section elementor-top-section elementor-element elementor-element-bab511c elementor-section-boxed elementor-section-height-default elementor-section-height-default\" data-id=\"bab511c\" data-element_type=\"section\" data-e-type=\"section\">\n\t\t\t\t\t\t<div class=\"elementor-container elementor-column-gap-default\">\n\t\t\t\t\t\t<\/div>\n\t\t<\/section>\n\t\t\t\t<section class=\"elementor-section elementor-top-section elementor-element elementor-element-93bcbcd elementor-section-boxed elementor-section-height-default elementor-section-height-default\" data-id=\"93bcbcd\" data-element_type=\"section\" data-e-type=\"section\">\n\t\t\t\t\t\t<div class=\"elementor-container elementor-column-gap-default\">\n\t\t\t\t\t<div class=\"elementor-column elementor-col-100 elementor-top-column elementor-element elementor-element-7a49dbd\" data-id=\"7a49dbd\" data-element_type=\"column\" data-e-type=\"column\">\n\t\t\t<div class=\"elementor-widget-wrap elementor-element-populated\">\n\t\t\t\t\t\t<div class=\"elementor-element elementor-element-91bafab elementor-widget elementor-widget-text-editor\" data-id=\"91bafab\" data-element_type=\"widget\" data-e-type=\"widget\" data-widget_type=\"text-editor.default\">\n\t\t\t\t<div class=\"elementor-widget-container\">\n\t\t\t\t\t\t\t\t\t<p><img decoding=\"async\" class=\"size-full wp-image-859 aligncenter\" src=\"https:\/\/meble.womil.pl\/wp-content\/uploads\/2021\/04\/IMG_0739-removebg-preview.png\" alt=\"\" width=\"250\" height=\"167\" title=\"\"><img decoding=\"async\" class=\"size-full wp-image-858 alignleft\" src=\"https:\/\/meble.womil.pl\/wp-content\/uploads\/2021\/04\/IMG_0737-removebg-preview.png\" alt=\"\" width=\"250\" height=\"167\" title=\"\"><\/p>\t\t\t\t\t\t\t\t<\/div>\n\t\t\t\t<\/div>\n\t\t\t\t\t<\/div>\n\t\t<\/div>\n\t\t\t\t\t<\/div>\n\t\t<\/section>\n\t\t\t\t<section class=\"elementor-section elementor-top-section elementor-element elementor-element-b2d72b2 elementor-section-boxed elementor-section-height-default elementor-section-height-default\" data-id=\"b2d72b2\" data-element_type=\"section\" data-e-type=\"section\">\n\t\t\t\t\t\t<div class=\"elementor-container elementor-column-gap-default\">\n\t\t\t\t\t<div class=\"elementor-column elementor-col-100 elementor-top-column elementor-element elementor-element-4665c76\" data-id=\"4665c76\" data-element_type=\"column\" data-e-type=\"column\">\n\t\t\t<div class=\"elementor-widget-wrap elementor-element-populated\">\n\t\t\t\t\t\t<div class=\"elementor-element elementor-element-2fba21c elementor-widget elementor-widget-text-editor\" data-id=\"2fba21c\" data-element_type=\"widget\" data-e-type=\"widget\" data-widget_type=\"text-editor.default\">\n\t\t\t\t<div class=\"elementor-widget-container\">\n\t\t\t\t\t\t\t\t\t<p>Nasze fotele wykonujemy z wysokiej jako\u015bci materia\u0142\u00f3w. Stela\u017c oklejony jest wat\u0105 wysoko puszyst\u0105 oraz piank\u0105 poliuretanow\u0105 nadaj\u0105c\u0105 fotelowi po\u017c\u0105danej mi\u0119kko\u015bci i wygody, a na siedzisku znajduje si\u0119 dodatkowa warstwa pianki poliuretanowej.<\/p><p>Sama tapicerka wykonana jest z mocnej i przyjemnej w dotyku tkaniny <b>Skaj DOLARO <\/b>Tkanina ta jest praktyczna i \u0142atwa w czyszczeniu. Jej elegancka faktura w po\u0142\u0105czeniu z nowoczesnym kszta\u0142tem fotela doda twojemu wn\u0119trzu klasy.<\/p>\t\t\t\t\t\t\t\t<\/div>\n\t\t\t\t<\/div>\n\t\t\t\t\t<\/div>\n\t\t<\/div>\n\t\t\t\t\t<\/div>\n\t\t<\/section>\n\t\t\t\t<section class=\"elementor-section elementor-top-section elementor-element elementor-element-7771211 elementor-section-boxed elementor-section-height-default elementor-section-height-default\" data-id=\"7771211\" data-element_type=\"section\" data-e-type=\"section\">\n\t\t\t\t\t\t<div class=\"elementor-container elementor-column-gap-default\">\n\t\t\t\t\t<div class=\"elementor-column elementor-col-50 elementor-top-column elementor-element elementor-element-d8eae22\" data-id=\"d8eae22\" data-element_type=\"column\" data-e-type=\"column\">\n\t\t\t<div class=\"elementor-widget-wrap elementor-element-populated\">\n\t\t\t\t\t\t<div class=\"elementor-element elementor-element-d65e06c elementor-widget elementor-widget-text-editor\" data-id=\"d65e06c\" data-element_type=\"widget\" data-e-type=\"widget\" data-widget_type=\"text-editor.default\">\n\t\t\t\t<div class=\"elementor-widget-container\">\n\t\t\t\t\t\t\t\t\t<p>\u00a0<\/p><p><img fetchpriority=\"high\" decoding=\"async\" class=\"wp-image-860 size-full aligncenter\" src=\"https:\/\/meble.womil.pl\/wp-content\/uploads\/2021\/04\/IMG_0739-removebg-preview-1.png\" alt=\"\" width=\"612\" height=\"408\" title=\"\" srcset=\"https:\/\/meble.womil.pl\/wp-content\/uploads\/2021\/04\/IMG_0739-removebg-preview-1.png 612w, https:\/\/meble.womil.pl\/wp-content\/uploads\/2021\/04\/IMG_0739-removebg-preview-1-300x200.png 300w, https:\/\/meble.womil.pl\/wp-content\/uploads\/2021\/04\/IMG_0739-removebg-preview-1-600x400.png 600w\" sizes=\"(max-width: 612px) 100vw, 612px\" \/><\/p>\t\t\t\t\t\t\t\t<\/div>\n\t\t\t\t<\/div>\n\t\t\t\t\t<\/div>\n\t\t<\/div>\n\t\t\t\t<div class=\"elementor-column elementor-col-50 elementor-top-column elementor-element elementor-element-0cfa154\" data-id=\"0cfa154\" data-element_type=\"column\" data-e-type=\"column\">\n\t\t\t<div class=\"elementor-widget-wrap elementor-element-populated\">\n\t\t\t\t\t\t<div class=\"elementor-element elementor-element-dbd8a25 elementor-widget elementor-widget-text-editor\" data-id=\"dbd8a25\" data-element_type=\"widget\" data-e-type=\"widget\" data-widget_type=\"text-editor.default\">\n\t\t\t\t<div class=\"elementor-widget-container\">\n\t\t\t\t\t\t\t\t\t<div class=\"_1voj4 _z9prt _1xzdi _ai5yc _5d6n2 _15lj1\"><div class=\"_1bo4a _xu6h2 _1ylmp _2d49e_YrWCD\"><div class=\"_1voj4 _z9prt _1xzdi _ai5yc _5d6n2 _15lj1\"><div class=\"_2d49e_5pK0q\"><div class=\"_1voj4 _z9prt _1xzdi _ai5yc _5d6n2 _15lj1\"><div class=\"_2d49e_5pK0q\"><p><b>Parametry fizyczne<\/b><\/p><ul><li>G\u0142\u0119boko\u015b\u0107 mebla: 55 cm<\/li><li>Szeroko\u015b\u0107 mebla: 65 cm<\/li><li>Wysoko\u015b\u0107 mebla: 75 cm<\/li><\/ul><p><b>Siedzisko<\/b><\/p><ul><li>Wysoko\u015b\u0107 siedziska: 46 cm<\/li><li>Szeroko\u015b\u0107 siedziska: 47 cm<\/li><li>G\u0142\u0119boko\u015b\u0107 siedziska: 45 cm<\/li><\/ul><p><b>Obci\u0105\u017cenie maksymalne<\/b>: 120 kg<\/p><\/div><\/div><\/div><\/div><\/div><\/div>\t\t\t\t\t\t\t\t<\/div>\n\t\t\t\t<\/div>\n\t\t\t\t\t<\/div>\n\t\t<\/div>\n\t\t\t\t\t<\/div>\n\t\t<\/section>\n\t\t\t\t<\/div>\n\t\t","protected":false},"excerpt":{"rendered":"<h2><\/h2>\n<p>Fotel Amazon to doskona\u0142e i nowoczesne uzupe\u0142nienie wystroju naszych wn\u0119trz &#8211; prostota i elegancja w jednym.<\/p>\n<p>Idealnie wkomponuje si\u0119 w ka\u017cde wn\u0119trze &#8211; pasuje do salonu lub biura, sprawdzi si\u0119 w lokalach rozrywkowych i gastronomicznych, pubach, klubach, kawiarniach czy dyskotekach.<\/p>\n","protected":false},"featured_media":860,"comment_status":"open","ping_status":"closed","template":"","meta":[],"product_brand":[],"product_cat":[17],"product_tag":[],"class_list":{"0":"post-856","1":"product","2":"type-product","3":"status-publish","4":"has-post-thumbnail","6":"product_cat-fotele","8":"first","9":"instock","10":"taxable","11":"shipping-taxable","12":"purchasable","13":"product-type-simple"},"_links":{"self":[{"href":"https:\/\/meble.womil.pl\/index.php\/wp-json\/wp\/v2\/product\/856","targetHints":{"allow":["GET"]}}],"collection":[{"href":"https:\/\/meble.womil.pl\/index.php\/wp-json\/wp\/v2\/product"}],"about":[{"href":"https:\/\/meble.womil.pl\/index.php\/wp-json\/wp\/v2\/types\/product"}],"replies":[{"embeddable":true,"href":"https:\/\/meble.womil.pl\/index.php\/wp-json\/wp\/v2\/comments?post=856"}],"version-history":[{"count":9,"href":"https:\/\/meble.womil.pl\/index.php\/wp-json\/wp\/v2\/product\/856\/revisions"}],"predecessor-version":[{"id":1416,"href":"https:\/\/meble.womil.pl\/index.php\/wp-json\/wp\/v2\/product\/856\/revisions\/1416"}],"wp:featuredmedia":[{"embeddable":true,"href":"https:\/\/meble.womil.pl\/index.php\/wp-json\/wp\/v2\/media\/860"}],"wp:attachment":[{"href":"https:\/\/meble.womil.pl\/index.php\/wp-json\/wp\/v2\/media?parent=856"}],"wp:term":[{"taxonomy":"product_brand","embeddable":true,"href":"https:\/\/meble.womil.pl\/index.php\/wp-json\/wp\/v2\/product_brand?post=856"},{"taxonomy":"product_cat","embeddable":true,"href":"https:\/\/meble.womil.pl\/index.php\/wp-json\/wp\/v2\/product_cat?post=856"},{"taxonomy":"product_tag","embeddable":true,"href":"https:\/\/meble.womil.pl\/index.php\/wp-json\/wp\/v2\/product_tag?post=856"}],"curies":[{"name":"wp","href":"https:\/\/api.w.org\/{rel}","templated":true}]}}