{"id":703,"date":"2021-04-28T14:55:44","date_gmt":"2021-04-28T12:55:44","guid":{"rendered":"https:\/\/meble.womil.pl\/?post_type=product&#038;p=703"},"modified":"2026-04-05T10:40:13","modified_gmt":"2026-04-05T08:40:13","slug":"fotel-victor-skaj-eco-skora","status":"publish","type":"product","link":"https:\/\/meble.womil.pl\/index.php\/produkt\/fotel-victor-skaj-eco-skora\/","title":{"rendered":"Fotel Victor &#8211; skaj-eco sk\u00f3ra &#8211; 14 dost\u0119pnych kolor\u00f3w"},"content":{"rendered":"\t\t<div data-elementor-type=\"wp-post\" data-elementor-id=\"703\" class=\"elementor elementor-703\">\n\t\t\t\t\t\t<section class=\"elementor-section elementor-top-section elementor-element elementor-element-2f09cd8 elementor-section-boxed elementor-section-height-default elementor-section-height-default\" data-id=\"2f09cd8\" data-element_type=\"section\" data-e-type=\"section\">\n\t\t\t\t\t\t<div class=\"elementor-container elementor-column-gap-default\">\n\t\t\t\t\t<div class=\"elementor-column elementor-col-100 elementor-top-column elementor-element elementor-element-a449ae9\" data-id=\"a449ae9\" data-element_type=\"column\" data-e-type=\"column\">\n\t\t\t<div class=\"elementor-widget-wrap elementor-element-populated\">\n\t\t\t\t\t\t<div class=\"elementor-element elementor-element-75103d7 elementor-widget elementor-widget-text-editor\" data-id=\"75103d7\" data-element_type=\"widget\" data-e-type=\"widget\" data-widget_type=\"text-editor.default\">\n\t\t\t\t<div class=\"elementor-widget-container\">\n\t\t\t\t\t\t\t\t\t<p><b>Fotel Victor<\/b><\/p><p>Fotel Victor to doskona\u0142e i nowoczesne uzupe\u0142nienie wystroju naszych wn\u0119trz &#8211; prostota i elegancja w jednym.<\/p><p>Idealnie wkomponuje si\u0119 w ka\u017cde wn\u0119trze &#8211; pasuje do salonu lub biura, sprawdzi si\u0119 w lokalach rozrywkowych i gastronomicznych, pubach, klubach, kawiarniach czy dyskotekach.<\/p>\t\t\t\t\t\t\t\t<\/div>\n\t\t\t\t<\/div>\n\t\t\t\t\t<\/div>\n\t\t<\/div>\n\t\t\t\t\t<\/div>\n\t\t<\/section>\n\t\t\t\t<section class=\"elementor-section elementor-top-section elementor-element elementor-element-bab511c elementor-section-boxed elementor-section-height-default elementor-section-height-default\" data-id=\"bab511c\" data-element_type=\"section\" data-e-type=\"section\">\n\t\t\t\t\t\t<div class=\"elementor-container elementor-column-gap-default\">\n\t\t\t\t\t\t<\/div>\n\t\t<\/section>\n\t\t\t\t<section class=\"elementor-section elementor-top-section elementor-element elementor-element-93bcbcd elementor-section-boxed elementor-section-height-default elementor-section-height-default\" data-id=\"93bcbcd\" data-element_type=\"section\" data-e-type=\"section\">\n\t\t\t\t\t\t<div class=\"elementor-container elementor-column-gap-default\">\n\t\t\t\t\t<div class=\"elementor-column elementor-col-100 elementor-top-column elementor-element elementor-element-7a49dbd\" data-id=\"7a49dbd\" data-element_type=\"column\" data-e-type=\"column\">\n\t\t\t<div class=\"elementor-widget-wrap elementor-element-populated\">\n\t\t\t\t\t\t<div class=\"elementor-element elementor-element-91bafab elementor-widget elementor-widget-text-editor\" data-id=\"91bafab\" data-element_type=\"widget\" data-e-type=\"widget\" data-widget_type=\"text-editor.default\">\n\t\t\t\t<div class=\"elementor-widget-container\">\n\t\t\t\t\t\t\t\t\t<p><img fetchpriority=\"high\" decoding=\"async\" class=\"aligncenter wp-image-712 size-full\" src=\"https:\/\/meble.womil.pl\/wp-content\/uploads\/2021\/04\/IMG_0308-removebg-preview.png\" alt=\"\" width=\"250\" height=\"250\" title=\"\" srcset=\"https:\/\/meble.womil.pl\/wp-content\/uploads\/2021\/04\/IMG_0308-removebg-preview.png 250w, https:\/\/meble.womil.pl\/wp-content\/uploads\/2021\/04\/IMG_0308-removebg-preview-150x150.png 150w, https:\/\/meble.womil.pl\/wp-content\/uploads\/2021\/04\/IMG_0308-removebg-preview-100x100.png 100w\" sizes=\"(max-width: 250px) 100vw, 250px\" \/><img decoding=\"async\" class=\"wp-image-711 alignright\" src=\"https:\/\/meble.womil.pl\/wp-content\/uploads\/2021\/04\/IMG_0315-removebg-preview.png\" alt=\"\" width=\"287\" height=\"287\" title=\"\" srcset=\"https:\/\/meble.womil.pl\/wp-content\/uploads\/2021\/04\/IMG_0315-removebg-preview.png 250w, https:\/\/meble.womil.pl\/wp-content\/uploads\/2021\/04\/IMG_0315-removebg-preview-150x150.png 150w, https:\/\/meble.womil.pl\/wp-content\/uploads\/2021\/04\/IMG_0315-removebg-preview-100x100.png 100w\" sizes=\"(max-width: 287px) 100vw, 287px\" \/><\/p>\t\t\t\t\t\t\t\t<\/div>\n\t\t\t\t<\/div>\n\t\t\t\t\t<\/div>\n\t\t<\/div>\n\t\t\t\t\t<\/div>\n\t\t<\/section>\n\t\t\t\t<section class=\"elementor-section elementor-top-section elementor-element elementor-element-b2d72b2 elementor-section-boxed elementor-section-height-default elementor-section-height-default\" data-id=\"b2d72b2\" data-element_type=\"section\" data-e-type=\"section\">\n\t\t\t\t\t\t<div class=\"elementor-container elementor-column-gap-default\">\n\t\t\t\t\t<div class=\"elementor-column elementor-col-100 elementor-top-column elementor-element elementor-element-4665c76\" data-id=\"4665c76\" data-element_type=\"column\" data-e-type=\"column\">\n\t\t\t<div class=\"elementor-widget-wrap elementor-element-populated\">\n\t\t\t\t\t\t<div class=\"elementor-element elementor-element-2fba21c elementor-widget elementor-widget-text-editor\" data-id=\"2fba21c\" data-element_type=\"widget\" data-e-type=\"widget\" data-widget_type=\"text-editor.default\">\n\t\t\t\t<div class=\"elementor-widget-container\">\n\t\t\t\t\t\t\t\t\t<p>Nasze fotele wykonujemy z wysokiej jako\u015bci materia\u0142\u00f3w. Stela\u017c oklejony jest wat\u0105 wysoko puszyst\u0105 oraz piank\u0105 poliuretanow\u0105 nadaj\u0105c\u0105 fotelowi po\u017c\u0105danej mi\u0119kko\u015bci i wygody, a na siedzisku znajduje si\u0119 dodatkowa warstwa pianki poliuretanowej.<\/p><p>Sama tapicerka wykonana jest z mocnej i \u0142atwej w czyszczeniu tkaniny skaj DOLARO<\/p><p>Tkanina ta jest praktyczna i \u0142atwa w czyszczeniu. Jej elegancka faktura w po\u0142\u0105czeniu z nowoczesnym kszta\u0142tem fotela doda twojemu wn\u0119trzu klasy.<\/p><p><img decoding=\"async\" class=\"aligncenter wp-image-3307 size-full\" src=\"http:\/\/meble.womil.pl\/wp-content\/uploads\/2025\/02\/wzornik-kolorow-solaro.jpg\" alt=\"\" width=\"1188\" height=\"1200\" title=\"\" srcset=\"https:\/\/meble.womil.pl\/wp-content\/uploads\/2025\/02\/wzornik-kolorow-solaro.jpg 1188w, https:\/\/meble.womil.pl\/wp-content\/uploads\/2025\/02\/wzornik-kolorow-solaro-297x300.jpg 297w, https:\/\/meble.womil.pl\/wp-content\/uploads\/2025\/02\/wzornik-kolorow-solaro-1014x1024.jpg 1014w, https:\/\/meble.womil.pl\/wp-content\/uploads\/2025\/02\/wzornik-kolorow-solaro-768x776.jpg 768w, https:\/\/meble.womil.pl\/wp-content\/uploads\/2025\/02\/wzornik-kolorow-solaro-600x606.jpg 600w, https:\/\/meble.womil.pl\/wp-content\/uploads\/2025\/02\/wzornik-kolorow-solaro-100x100.jpg 100w\" sizes=\"(max-width: 1188px) 100vw, 1188px\" \/><\/p>\t\t\t\t\t\t\t\t<\/div>\n\t\t\t\t<\/div>\n\t\t\t\t\t<\/div>\n\t\t<\/div>\n\t\t\t\t\t<\/div>\n\t\t<\/section>\n\t\t\t\t<section class=\"elementor-section elementor-top-section elementor-element elementor-element-7771211 elementor-section-boxed elementor-section-height-default elementor-section-height-default\" data-id=\"7771211\" data-element_type=\"section\" data-e-type=\"section\">\n\t\t\t\t\t\t<div class=\"elementor-container elementor-column-gap-default\">\n\t\t\t\t\t<div class=\"elementor-column elementor-col-50 elementor-top-column elementor-element elementor-element-d8eae22\" data-id=\"d8eae22\" data-element_type=\"column\" data-e-type=\"column\">\n\t\t\t<div class=\"elementor-widget-wrap elementor-element-populated\">\n\t\t\t\t\t\t<div class=\"elementor-element elementor-element-d65e06c elementor-widget elementor-widget-text-editor\" data-id=\"d65e06c\" data-element_type=\"widget\" data-e-type=\"widget\" data-widget_type=\"text-editor.default\">\n\t\t\t\t<div class=\"elementor-widget-container\">\n\t\t\t\t\t\t\t\t\t<p>\u00a0<img loading=\"lazy\" decoding=\"async\" class=\"aligncenter wp-image-714 size-full\" src=\"https:\/\/meble.womil.pl\/wp-content\/uploads\/2021\/04\/Fotel-klubowy-Victor-skaj-ekoskora-derma-fotele-Rodzaj-tradycyjny.jpg\" alt=\"\" width=\"250\" height=\"193\" title=\"\"><\/p>\t\t\t\t\t\t\t\t<\/div>\n\t\t\t\t<\/div>\n\t\t\t\t\t<\/div>\n\t\t<\/div>\n\t\t\t\t<div class=\"elementor-column elementor-col-50 elementor-top-column elementor-element elementor-element-0cfa154\" data-id=\"0cfa154\" data-element_type=\"column\" data-e-type=\"column\">\n\t\t\t<div class=\"elementor-widget-wrap elementor-element-populated\">\n\t\t\t\t\t\t<div class=\"elementor-element elementor-element-dbd8a25 elementor-widget elementor-widget-text-editor\" data-id=\"dbd8a25\" data-element_type=\"widget\" data-e-type=\"widget\" data-widget_type=\"text-editor.default\">\n\t\t\t\t<div class=\"elementor-widget-container\">\n\t\t\t\t\t\t\t\t\t<div class=\"_1voj4 _z9prt _1xzdi _ai5yc _5d6n2 _15lj1\"><div class=\"_1bo4a _xu6h2 _1ylmp _2d49e_YrWCD\"><div class=\"_1voj4 _z9prt _1xzdi _ai5yc _5d6n2 _15lj1\"><div class=\"_2d49e_5pK0q\"><h4><b>Parametry fizyczne<\/b><\/h4><ul><li><h4>G\u0142\u0119boko\u015b\u0107 mebla: 67 cm<\/h4><\/li><li><h4>Szeroko\u015b\u0107 mebla: 67 cm<\/h4><\/li><li><h4>Wysoko\u015b\u0107 mebla: 66 cm<\/h4><\/li><\/ul><h4><b>Siedzisko<\/b><\/h4><ul><li><h4>Wysoko\u015b\u0107 siedziska: 40 cm<\/h4><\/li><li><h4>Szeroko\u015b\u0107 siedziska: 45 cm<\/h4><\/li><li><h4>G\u0142\u0119boko\u015b\u0107 siedziska: 45 cm<\/h4><\/li><\/ul><h4><b>Obci\u0105\u017cenie maksymalne<\/b>: 120 kg<\/h4><\/div><\/div><\/div><\/div>\t\t\t\t\t\t\t\t<\/div>\n\t\t\t\t<\/div>\n\t\t\t\t\t<\/div>\n\t\t<\/div>\n\t\t\t\t\t<\/div>\n\t\t<\/section>\n\t\t\t\t<section class=\"elementor-section elementor-top-section elementor-element elementor-element-85aac3d elementor-section-boxed elementor-section-height-default elementor-section-height-default\" data-id=\"85aac3d\" data-element_type=\"section\" data-e-type=\"section\">\n\t\t\t\t\t\t<div class=\"elementor-container elementor-column-gap-default\">\n\t\t\t\t\t<div class=\"elementor-column elementor-col-100 elementor-top-column elementor-element elementor-element-431d00b\" data-id=\"431d00b\" data-element_type=\"column\" data-e-type=\"column\">\n\t\t\t<div class=\"elementor-widget-wrap elementor-element-populated\">\n\t\t\t\t\t\t<div class=\"elementor-element elementor-element-d0be42e elementor-widget elementor-widget-text-editor\" data-id=\"d0be42e\" data-element_type=\"widget\" data-e-type=\"widget\" data-widget_type=\"text-editor.default\">\n\t\t\t\t<div class=\"elementor-widget-container\">\n\t\t\t\t\t\t\t\t\t<p><b>W ofercie mamy do wyboru 5 n\u00f3\u017cek.<img loading=\"lazy\" decoding=\"async\" class=\"wp-image-2370 size-full aligncenter\" src=\"https:\/\/meble.womil.pl\/wp-content\/uploads\/2023\/02\/nozki.png\" alt=\"\" width=\"686\" height=\"363\" title=\"\" srcset=\"https:\/\/meble.womil.pl\/wp-content\/uploads\/2023\/02\/nozki.png 686w, https:\/\/meble.womil.pl\/wp-content\/uploads\/2023\/02\/nozki-300x159.png 300w, https:\/\/meble.womil.pl\/wp-content\/uploads\/2023\/02\/nozki-600x317.png 600w\" sizes=\"(max-width: 686px) 100vw, 686px\" \/><\/b><\/p><p>\u00a0<\/p>\t\t\t\t\t\t\t\t<\/div>\n\t\t\t\t<\/div>\n\t\t\t\t\t<\/div>\n\t\t<\/div>\n\t\t\t\t\t<\/div>\n\t\t<\/section>\n\t\t\t\t<\/div>\n\t\t","protected":false},"excerpt":{"rendered":"<h2>Fotel klubowy Victor<\/h2>\n<p>Fotele Victor to doskona\u0142e uzupe\u0142nienie wystroju naszych wn\u0119trz.<\/p>\n<p>Doskonale pasuj\u0105 do salonu, pokoju m\u0142odzie\u017cowego czy dzieci\u0119cego, sprawdzaj\u0105 si\u0119 w lokalach rozrywkowych i gastronomicznych, pubach czy dyskotekach.<\/p>\n<p>&nbsp;<\/p>\n","protected":false},"featured_media":33,"comment_status":"open","ping_status":"closed","template":"","meta":[],"product_brand":[],"product_cat":[17],"product_tag":[],"class_list":{"0":"post-703","1":"product","2":"type-product","3":"status-publish","4":"has-post-thumbnail","6":"product_cat-fotele","8":"first","9":"instock","10":"featured","11":"taxable","12":"shipping-taxable","13":"purchasable","14":"product-type-variable"},"_links":{"self":[{"href":"https:\/\/meble.womil.pl\/index.php\/wp-json\/wp\/v2\/product\/703","targetHints":{"allow":["GET"]}}],"collection":[{"href":"https:\/\/meble.womil.pl\/index.php\/wp-json\/wp\/v2\/product"}],"about":[{"href":"https:\/\/meble.womil.pl\/index.php\/wp-json\/wp\/v2\/types\/product"}],"replies":[{"embeddable":true,"href":"https:\/\/meble.womil.pl\/index.php\/wp-json\/wp\/v2\/comments?post=703"}],"version-history":[{"count":18,"href":"https:\/\/meble.womil.pl\/index.php\/wp-json\/wp\/v2\/product\/703\/revisions"}],"predecessor-version":[{"id":3387,"href":"https:\/\/meble.womil.pl\/index.php\/wp-json\/wp\/v2\/product\/703\/revisions\/3387"}],"wp:featuredmedia":[{"embeddable":true,"href":"https:\/\/meble.womil.pl\/index.php\/wp-json\/wp\/v2\/media\/33"}],"wp:attachment":[{"href":"https:\/\/meble.womil.pl\/index.php\/wp-json\/wp\/v2\/media?parent=703"}],"wp:term":[{"taxonomy":"product_brand","embeddable":true,"href":"https:\/\/meble.womil.pl\/index.php\/wp-json\/wp\/v2\/product_brand?post=703"},{"taxonomy":"product_cat","embeddable":true,"href":"https:\/\/meble.womil.pl\/index.php\/wp-json\/wp\/v2\/product_cat?post=703"},{"taxonomy":"product_tag","embeddable":true,"href":"https:\/\/meble.womil.pl\/index.php\/wp-json\/wp\/v2\/product_tag?post=703"}],"curies":[{"name":"wp","href":"https:\/\/api.w.org\/{rel}","templated":true}]}}