{"id":3759,"date":"2026-05-08T11:46:08","date_gmt":"2026-05-08T09:46:08","guid":{"rendered":"https:\/\/meble.womil.pl\/?post_type=product&#038;p=3759"},"modified":"2026-05-08T11:55:23","modified_gmt":"2026-05-08T09:55:23","slug":"sofa-kanapa-victor-120-cm-plusz-turkusowy","status":"publish","type":"product","link":"https:\/\/meble.womil.pl\/index.php\/produkt\/sofa-kanapa-victor-120-cm-plusz-turkusowy\/","title":{"rendered":"Sofa Kanapa Victor 120 cm &#8211; plusz &#8211; turkusowy"},"content":{"rendered":"\t\t<div data-elementor-type=\"wp-post\" data-elementor-id=\"3759\" class=\"elementor elementor-3759\">\n\t\t\t\t\t\t<section class=\"elementor-section elementor-top-section elementor-element elementor-element-2f09cd8 elementor-section-boxed elementor-section-height-default elementor-section-height-default\" data-id=\"2f09cd8\" data-element_type=\"section\" data-e-type=\"section\">\n\t\t\t\t\t\t<div class=\"elementor-container elementor-column-gap-default\">\n\t\t\t\t\t<div class=\"elementor-column elementor-col-100 elementor-top-column elementor-element elementor-element-a449ae9\" data-id=\"a449ae9\" data-element_type=\"column\" data-e-type=\"column\">\n\t\t\t<div class=\"elementor-widget-wrap elementor-element-populated\">\n\t\t\t\t\t\t<div class=\"elementor-element elementor-element-75103d7 elementor-widget elementor-widget-text-editor\" data-id=\"75103d7\" data-element_type=\"widget\" data-e-type=\"widget\" data-widget_type=\"text-editor.default\">\n\t\t\t\t<div class=\"elementor-widget-container\">\n\t\t\t\t\t\t\t\t\t<p><b>Sofa kanapa Victor<\/b><\/p><p>Sofa Victor to doskona\u0142e i nowoczesne uzupe\u0142nienie wystroju naszych wn\u0119trz &#8211; prostota i elegancja w jednym.<\/p><p>Idealnie wkomponuje si\u0119 w ka\u017cde wn\u0119trze &#8211; pasuje do salonu lub biura, sprawdzi si\u0119 w lokalach rozrywkowych i gastronomicznych, pubach, klubach, kawiarniach czy dyskotekach.<\/p>\t\t\t\t\t\t\t\t<\/div>\n\t\t\t\t<\/div>\n\t\t\t\t\t<\/div>\n\t\t<\/div>\n\t\t\t\t\t<\/div>\n\t\t<\/section>\n\t\t\t\t<section class=\"elementor-section elementor-top-section elementor-element elementor-element-bab511c elementor-section-boxed elementor-section-height-default elementor-section-height-default\" data-id=\"bab511c\" data-element_type=\"section\" data-e-type=\"section\">\n\t\t\t\t\t\t<div class=\"elementor-container elementor-column-gap-default\">\n\t\t\t\t\t\t<\/div>\n\t\t<\/section>\n\t\t\t\t<section class=\"elementor-section elementor-top-section elementor-element elementor-element-93bcbcd elementor-section-boxed elementor-section-height-default elementor-section-height-default\" data-id=\"93bcbcd\" data-element_type=\"section\" data-e-type=\"section\">\n\t\t\t\t\t\t<div class=\"elementor-container elementor-column-gap-default\">\n\t\t\t\t\t<div class=\"elementor-column elementor-col-100 elementor-top-column elementor-element elementor-element-7a49dbd\" data-id=\"7a49dbd\" data-element_type=\"column\" data-e-type=\"column\">\n\t\t\t<div class=\"elementor-widget-wrap elementor-element-populated\">\n\t\t\t\t\t\t<div class=\"elementor-element elementor-element-36ec305 elementor-widget elementor-widget-image\" data-id=\"36ec305\" data-element_type=\"widget\" data-e-type=\"widget\" data-widget_type=\"image.default\">\n\t\t\t\t<div class=\"elementor-widget-container\">\n\t\t\t\t\t\t\t\t\t\t\t\t\t\t\t<img fetchpriority=\"high\" decoding=\"async\" width=\"640\" height=\"390\" src=\"https:\/\/meble.womil.pl\/wp-content\/uploads\/2026\/05\/sofa-victor-plusz-turkus-1.jpg\" class=\"attachment-large size-large wp-image-3763\" alt=\"\" srcset=\"https:\/\/meble.womil.pl\/wp-content\/uploads\/2026\/05\/sofa-victor-plusz-turkus-1.jpg 640w, https:\/\/meble.womil.pl\/wp-content\/uploads\/2026\/05\/sofa-victor-plusz-turkus-1-300x183.jpg 300w, https:\/\/meble.womil.pl\/wp-content\/uploads\/2026\/05\/sofa-victor-plusz-turkus-1-600x366.jpg 600w\" sizes=\"(max-width: 640px) 100vw, 640px\" title=\"\">\t\t\t\t\t\t\t\t\t\t\t\t\t\t\t<\/div>\n\t\t\t\t<\/div>\n\t\t\t\t<div class=\"elementor-element elementor-element-91bafab elementor-widget elementor-widget-text-editor\" data-id=\"91bafab\" data-element_type=\"widget\" data-e-type=\"widget\" data-widget_type=\"text-editor.default\">\n\t\t\t\t<div class=\"elementor-widget-container\">\n\t\t\t\t\t\t\t\t\t<p>\u00a0<\/p><p>\u00a0<\/p>\t\t\t\t\t\t\t\t<\/div>\n\t\t\t\t<\/div>\n\t\t\t\t\t<\/div>\n\t\t<\/div>\n\t\t\t\t\t<\/div>\n\t\t<\/section>\n\t\t\t\t<section class=\"elementor-section elementor-top-section elementor-element elementor-element-b2d72b2 elementor-section-boxed elementor-section-height-default elementor-section-height-default\" data-id=\"b2d72b2\" data-element_type=\"section\" data-e-type=\"section\">\n\t\t\t\t\t\t<div class=\"elementor-container elementor-column-gap-default\">\n\t\t\t\t\t<div class=\"elementor-column elementor-col-100 elementor-top-column elementor-element elementor-element-4665c76\" data-id=\"4665c76\" data-element_type=\"column\" data-e-type=\"column\">\n\t\t\t<div class=\"elementor-widget-wrap elementor-element-populated\">\n\t\t\t\t\t\t<div class=\"elementor-element elementor-element-2fba21c elementor-widget elementor-widget-text-editor\" data-id=\"2fba21c\" data-element_type=\"widget\" data-e-type=\"widget\" data-widget_type=\"text-editor.default\">\n\t\t\t\t<div class=\"elementor-widget-container\">\n\t\t\t\t\t\t\t\t\t<p>Nasze kanapy wykonujemy z wysokiej jako\u015bci materia\u0142\u00f3w. Stela\u017c oklejony jest wat\u0105 wysoko puszyst\u0105 oraz piank\u0105 poliuretanow\u0105 nadaj\u0105c\u0105 fotelowi po\u017c\u0105danej mi\u0119kko\u015bci i wygody, a na siedzisku znajduje si\u0119 dodatkowa warstwa pianki poliuretanowej.<\/p><p>Sama tapicerka wykonana jest z mocnej i \u0142atwej w czyszczeniu tkaniny Plusz velvet<\/p><p>Tkanina ta jest praktyczna i \u0142atwa w czyszczeniu. Jej elegancka faktura w po\u0142\u0105czeniu z nowoczesnym kszta\u0142tem fotela doda twojemu wn\u0119trzu klasy.<\/p><p>\u00a0<\/p>\t\t\t\t\t\t\t\t<\/div>\n\t\t\t\t<\/div>\n\t\t\t\t\t<\/div>\n\t\t<\/div>\n\t\t\t\t\t<\/div>\n\t\t<\/section>\n\t\t\t\t<section class=\"elementor-section elementor-top-section elementor-element elementor-element-7771211 elementor-section-boxed elementor-section-height-default elementor-section-height-default\" data-id=\"7771211\" data-element_type=\"section\" data-e-type=\"section\">\n\t\t\t\t\t\t<div class=\"elementor-container elementor-column-gap-default\">\n\t\t\t\t\t<div class=\"elementor-column elementor-col-50 elementor-top-column elementor-element elementor-element-d8eae22\" data-id=\"d8eae22\" data-element_type=\"column\" data-e-type=\"column\">\n\t\t\t<div class=\"elementor-widget-wrap elementor-element-populated\">\n\t\t\t\t\t\t<div class=\"elementor-element elementor-element-d65e06c elementor-widget elementor-widget-text-editor\" data-id=\"d65e06c\" data-element_type=\"widget\" data-e-type=\"widget\" data-widget_type=\"text-editor.default\">\n\t\t\t\t<div class=\"elementor-widget-container\">\n\t\t\t\t\t\t\t\t\t<p><a href=\"https:\/\/meble.womil.pl\/wp-content\/uploads\/2021\/07\/135d9ce448a887f2c6e7fccdc11f.webp\"><img decoding=\"async\" class=\"aligncenter wp-image-1613\" src=\"https:\/\/meble.womil.pl\/wp-content\/uploads\/2021\/07\/135d9ce448a887f2c6e7fccdc11f.webp\" alt=\"\" width=\"1440\" height=\"898\" title=\"\" srcset=\"https:\/\/meble.womil.pl\/wp-content\/uploads\/2021\/07\/135d9ce448a887f2c6e7fccdc11f.webp 1440w, https:\/\/meble.womil.pl\/wp-content\/uploads\/2021\/07\/135d9ce448a887f2c6e7fccdc11f-300x187.webp 300w, https:\/\/meble.womil.pl\/wp-content\/uploads\/2021\/07\/135d9ce448a887f2c6e7fccdc11f-1024x639.webp 1024w, https:\/\/meble.womil.pl\/wp-content\/uploads\/2021\/07\/135d9ce448a887f2c6e7fccdc11f-768x479.webp 768w, https:\/\/meble.womil.pl\/wp-content\/uploads\/2021\/07\/135d9ce448a887f2c6e7fccdc11f-600x374.webp 600w\" sizes=\"(max-width: 1440px) 100vw, 1440px\" \/><\/a><\/p>\t\t\t\t\t\t\t\t<\/div>\n\t\t\t\t<\/div>\n\t\t\t\t\t<\/div>\n\t\t<\/div>\n\t\t\t\t<div class=\"elementor-column elementor-col-50 elementor-top-column elementor-element elementor-element-0cfa154\" data-id=\"0cfa154\" data-element_type=\"column\" data-e-type=\"column\">\n\t\t\t<div class=\"elementor-widget-wrap elementor-element-populated\">\n\t\t\t\t\t\t<div class=\"elementor-element elementor-element-dbd8a25 elementor-widget elementor-widget-text-editor\" data-id=\"dbd8a25\" data-element_type=\"widget\" data-e-type=\"widget\" data-widget_type=\"text-editor.default\">\n\t\t\t\t<div class=\"elementor-widget-container\">\n\t\t\t\t\t\t\t\t\t<div class=\"_1voj4 _z9prt _1xzdi _ai5yc _5d6n2 _15lj1\"><div class=\"_1bo4a _xu6h2 _1ylmp _2d49e_YrWCD\"><div class=\"_1voj4 _z9prt _1xzdi _ai5yc _5d6n2 _15lj1\"><div class=\"_2d49e_5pK0q\"><p><b>Parametry fizyczne<\/b><\/p><ul><li>G\u0142\u0119boko\u015b\u0107 mebla: 65 cm<\/li><li>Szeroko\u015b\u0107 mebla: 120 cm<\/li><li>Wysoko\u015b\u0107 mebla: 66 cm<\/li><\/ul><p><b>Siedzisko<\/b><\/p><ul><li>Wysoko\u015b\u0107 siedziska: 40 cm<\/li><li>Szeroko\u015b\u0107 siedziska: 106cm<\/li><li>G\u0142\u0119boko\u015b\u0107 siedziska: 50 cm<\/li><\/ul><p>\u00a0<\/p><\/div><\/div><\/div><\/div>\t\t\t\t\t\t\t\t<\/div>\n\t\t\t\t<\/div>\n\t\t\t\t\t<\/div>\n\t\t<\/div>\n\t\t\t\t\t<\/div>\n\t\t<\/section>\n\t\t\t\t<section class=\"elementor-section elementor-top-section elementor-element elementor-element-7c6aa53 elementor-section-boxed elementor-section-height-default elementor-section-height-default\" data-id=\"7c6aa53\" data-element_type=\"section\" data-e-type=\"section\">\n\t\t\t\t\t\t<div class=\"elementor-container elementor-column-gap-default\">\n\t\t\t\t\t<div class=\"elementor-column elementor-col-100 elementor-top-column elementor-element elementor-element-29c5954\" data-id=\"29c5954\" data-element_type=\"column\" data-e-type=\"column\">\n\t\t\t<div class=\"elementor-widget-wrap elementor-element-populated\">\n\t\t\t\t\t\t<div class=\"elementor-element elementor-element-2412180 elementor-widget elementor-widget-text-editor\" data-id=\"2412180\" data-element_type=\"widget\" data-e-type=\"widget\" data-widget_type=\"text-editor.default\">\n\t\t\t\t<div class=\"elementor-widget-container\">\n\t\t\t\t\t\t\t\t\t<p><b style=\"color: var( --e-global-color-text ); font-family: var( --e-global-typography-text-font-family ), Sans-serif;\">W ofercie mamy do wyboru 5 n\u00f3\u017cek.<\/b><\/p><p><img decoding=\"async\" class=\"aligncenter wp-image-2370\" src=\"https:\/\/meble.womil.pl\/wp-content\/uploads\/2023\/02\/nozki.png\" alt=\"\" width=\"686\" height=\"363\" title=\"\" srcset=\"https:\/\/meble.womil.pl\/wp-content\/uploads\/2023\/02\/nozki.png 686w, https:\/\/meble.womil.pl\/wp-content\/uploads\/2023\/02\/nozki-300x159.png 300w, https:\/\/meble.womil.pl\/wp-content\/uploads\/2023\/02\/nozki-600x317.png 600w\" sizes=\"(max-width: 686px) 100vw, 686px\" \/><\/p><p><b style=\"color: var( --e-global-color-text ); font-family: var( --e-global-typography-text-font-family ), Sans-serif;\">\u00a0<\/b><\/p>\t\t\t\t\t\t\t\t<\/div>\n\t\t\t\t<\/div>\n\t\t\t\t\t<\/div>\n\t\t<\/div>\n\t\t\t\t\t<\/div>\n\t\t<\/section>\n\t\t\t\t<section class=\"elementor-section elementor-top-section elementor-element elementor-element-f6806b0 elementor-section-boxed elementor-section-height-default elementor-section-height-default\" data-id=\"f6806b0\" data-element_type=\"section\" data-e-type=\"section\">\n\t\t\t\t\t\t<div class=\"elementor-container elementor-column-gap-default\">\n\t\t\t\t\t<div class=\"elementor-column elementor-col-100 elementor-top-column elementor-element elementor-element-e05e893\" data-id=\"e05e893\" data-element_type=\"column\" data-e-type=\"column\">\n\t\t\t<div class=\"elementor-widget-wrap\">\n\t\t\t\t\t\t\t<\/div>\n\t\t<\/div>\n\t\t\t\t\t<\/div>\n\t\t<\/section>\n\t\t\t\t<\/div>\n\t\t","protected":false},"excerpt":{"rendered":"<p>Sofa Victor plusz velvet 120 cm to doskona\u0142e i nowoczesne uzupe\u0142nienie wystroju naszych wn\u0119trz &#8211; prostota i elegancja w jednym.<\/p>\n<p>Idealnie wkomponuje si\u0119 w ka\u017cde wn\u0119trze &#8211; pasuje do salonu lub biura, sprawdzi si\u0119 w lokalach rozrywkowych i gastronomicznych, pubach, klubach, kawiarniach czy dyskotekach.<\/p>\n<p>&nbsp;<\/p>\n","protected":false},"featured_media":3761,"comment_status":"open","ping_status":"closed","template":"","meta":[],"product_brand":[],"product_cat":[40,16],"product_tag":[],"class_list":{"0":"post-3759","1":"product","2":"type-product","3":"status-publish","4":"has-post-thumbnail","6":"product_cat-meble-na-eventy","7":"product_cat-sofy","8":"product_shipping_class-sofa1","10":"first","11":"instock","12":"featured","13":"taxable","14":"shipping-taxable","15":"purchasable","16":"product-type-variable"},"_links":{"self":[{"href":"https:\/\/meble.womil.pl\/index.php\/wp-json\/wp\/v2\/product\/3759","targetHints":{"allow":["GET"]}}],"collection":[{"href":"https:\/\/meble.womil.pl\/index.php\/wp-json\/wp\/v2\/product"}],"about":[{"href":"https:\/\/meble.womil.pl\/index.php\/wp-json\/wp\/v2\/types\/product"}],"replies":[{"embeddable":true,"href":"https:\/\/meble.womil.pl\/index.php\/wp-json\/wp\/v2\/comments?post=3759"}],"version-history":[{"count":5,"href":"https:\/\/meble.womil.pl\/index.php\/wp-json\/wp\/v2\/product\/3759\/revisions"}],"predecessor-version":[{"id":3769,"href":"https:\/\/meble.womil.pl\/index.php\/wp-json\/wp\/v2\/product\/3759\/revisions\/3769"}],"wp:featuredmedia":[{"embeddable":true,"href":"https:\/\/meble.womil.pl\/index.php\/wp-json\/wp\/v2\/media\/3761"}],"wp:attachment":[{"href":"https:\/\/meble.womil.pl\/index.php\/wp-json\/wp\/v2\/media?parent=3759"}],"wp:term":[{"taxonomy":"product_brand","embeddable":true,"href":"https:\/\/meble.womil.pl\/index.php\/wp-json\/wp\/v2\/product_brand?post=3759"},{"taxonomy":"product_cat","embeddable":true,"href":"https:\/\/meble.womil.pl\/index.php\/wp-json\/wp\/v2\/product_cat?post=3759"},{"taxonomy":"product_tag","embeddable":true,"href":"https:\/\/meble.womil.pl\/index.php\/wp-json\/wp\/v2\/product_tag?post=3759"}],"curies":[{"name":"wp","href":"https:\/\/api.w.org\/{rel}","templated":true}]}}