{"id":2636,"date":"2023-03-09T14:59:36","date_gmt":"2023-03-09T13:59:36","guid":{"rendered":"https:\/\/meble.womil.pl\/?post_type=product&#038;p=2636"},"modified":"2025-03-05T14:22:03","modified_gmt":"2025-03-05T13:22:03","slug":"sofa-kanapa-victor-plusz-150cm-12-kolorow","status":"publish","type":"product","link":"https:\/\/meble.womil.pl\/index.php\/produkt\/sofa-kanapa-victor-plusz-150cm-12-kolorow\/","title":{"rendered":"Sofa Kanapa Victor 150 cm &#8211; plusz &#8211; 13 dost\u0119pnych kolor\u00f3w"},"content":{"rendered":"\t\t<div data-elementor-type=\"wp-post\" data-elementor-id=\"2636\" class=\"elementor elementor-2636\">\n\t\t\t\t\t\t<section class=\"elementor-section elementor-top-section elementor-element elementor-element-2f09cd8 elementor-section-boxed elementor-section-height-default elementor-section-height-default\" data-id=\"2f09cd8\" data-element_type=\"section\" data-e-type=\"section\">\n\t\t\t\t\t\t<div class=\"elementor-container elementor-column-gap-default\">\n\t\t\t\t\t<div class=\"elementor-column elementor-col-100 elementor-top-column elementor-element elementor-element-a449ae9\" data-id=\"a449ae9\" data-element_type=\"column\" data-e-type=\"column\">\n\t\t\t<div class=\"elementor-widget-wrap elementor-element-populated\">\n\t\t\t\t\t\t<div class=\"elementor-element elementor-element-75103d7 elementor-widget elementor-widget-text-editor\" data-id=\"75103d7\" data-element_type=\"widget\" data-e-type=\"widget\" data-widget_type=\"text-editor.default\">\n\t\t\t\t<div class=\"elementor-widget-container\">\n\t\t\t\t\t\t\t\t\t<p><b>Sofa kanapa Victor<\/b><\/p><p>Sofa Victor to doskona\u0142e i nowoczesne uzupe\u0142nienie wystroju naszych wn\u0119trz &#8211; prostota i elegancja w jednym.<\/p><p>Idealnie wkomponuje si\u0119 w ka\u017cde wn\u0119trze &#8211; pasuje do salonu lub biura, sprawdzi si\u0119 w lokalach rozrywkowych i gastronomicznych, pubach, klubach, kawiarniach czy dyskotekach.<\/p>\t\t\t\t\t\t\t\t<\/div>\n\t\t\t\t<\/div>\n\t\t\t\t\t<\/div>\n\t\t<\/div>\n\t\t\t\t\t<\/div>\n\t\t<\/section>\n\t\t\t\t<section class=\"elementor-section elementor-top-section elementor-element elementor-element-bab511c elementor-section-boxed elementor-section-height-default elementor-section-height-default\" data-id=\"bab511c\" data-element_type=\"section\" data-e-type=\"section\">\n\t\t\t\t\t\t<div class=\"elementor-container elementor-column-gap-default\">\n\t\t\t\t\t\t<\/div>\n\t\t<\/section>\n\t\t\t\t<section class=\"elementor-section elementor-top-section elementor-element elementor-element-93bcbcd elementor-section-boxed elementor-section-height-default elementor-section-height-default\" data-id=\"93bcbcd\" data-element_type=\"section\" data-e-type=\"section\">\n\t\t\t\t\t\t<div class=\"elementor-container elementor-column-gap-default\">\n\t\t\t\t\t<div class=\"elementor-column elementor-col-100 elementor-top-column elementor-element elementor-element-7a49dbd\" data-id=\"7a49dbd\" data-element_type=\"column\" data-e-type=\"column\">\n\t\t\t<div class=\"elementor-widget-wrap elementor-element-populated\">\n\t\t\t\t\t\t<div class=\"elementor-element elementor-element-91bafab elementor-widget elementor-widget-text-editor\" data-id=\"91bafab\" data-element_type=\"widget\" data-e-type=\"widget\" data-widget_type=\"text-editor.default\">\n\t\t\t\t<div class=\"elementor-widget-container\">\n\t\t\t\t\t\t\t\t\t<p><img fetchpriority=\"high\" decoding=\"async\" class=\"alignleft wp-image-1687 size-full\" src=\"https:\/\/meble.womil.pl\/wp-content\/uploads\/2021\/07\/sofa_plusz_czerwony-removebg-preview.png\" alt=\"\" width=\"622\" height=\"401\" title=\"\" srcset=\"https:\/\/meble.womil.pl\/wp-content\/uploads\/2021\/07\/sofa_plusz_czerwony-removebg-preview.png 622w, https:\/\/meble.womil.pl\/wp-content\/uploads\/2021\/07\/sofa_plusz_czerwony-removebg-preview-300x193.png 300w, https:\/\/meble.womil.pl\/wp-content\/uploads\/2021\/07\/sofa_plusz_czerwony-removebg-preview-600x387.png 600w\" sizes=\"(max-width: 622px) 100vw, 622px\" \/><img decoding=\"async\" class=\"aligncenter wp-image-1691 size-full\" src=\"https:\/\/meble.womil.pl\/wp-content\/uploads\/2021\/07\/sofa_plusz_czerwony_1-removebg-preview.png\" alt=\"\" width=\"629\" height=\"396\" title=\"\" srcset=\"https:\/\/meble.womil.pl\/wp-content\/uploads\/2021\/07\/sofa_plusz_czerwony_1-removebg-preview.png 629w, https:\/\/meble.womil.pl\/wp-content\/uploads\/2021\/07\/sofa_plusz_czerwony_1-removebg-preview-300x189.png 300w, https:\/\/meble.womil.pl\/wp-content\/uploads\/2021\/07\/sofa_plusz_czerwony_1-removebg-preview-600x378.png 600w\" sizes=\"(max-width: 629px) 100vw, 629px\" \/><\/p>\t\t\t\t\t\t\t\t<\/div>\n\t\t\t\t<\/div>\n\t\t\t\t\t<\/div>\n\t\t<\/div>\n\t\t\t\t\t<\/div>\n\t\t<\/section>\n\t\t\t\t<section class=\"elementor-section elementor-top-section elementor-element elementor-element-b2d72b2 elementor-section-boxed elementor-section-height-default elementor-section-height-default\" data-id=\"b2d72b2\" data-element_type=\"section\" data-e-type=\"section\">\n\t\t\t\t\t\t<div class=\"elementor-container elementor-column-gap-default\">\n\t\t\t\t\t<div class=\"elementor-column elementor-col-100 elementor-top-column elementor-element elementor-element-4665c76\" data-id=\"4665c76\" data-element_type=\"column\" data-e-type=\"column\">\n\t\t\t<div class=\"elementor-widget-wrap elementor-element-populated\">\n\t\t\t\t\t\t<div class=\"elementor-element elementor-element-2fba21c elementor-widget elementor-widget-text-editor\" data-id=\"2fba21c\" data-element_type=\"widget\" data-e-type=\"widget\" data-widget_type=\"text-editor.default\">\n\t\t\t\t<div class=\"elementor-widget-container\">\n\t\t\t\t\t\t\t\t\t<p>Nasze kanapy wykonujemy z wysokiej jako\u015bci materia\u0142\u00f3w. Stela\u017c oklejony jest wat\u0105 wysoko puszyst\u0105 oraz piank\u0105 poliuretanow\u0105 nadaj\u0105c\u0105 fotelowi po\u017c\u0105danej mi\u0119kko\u015bci i wygody, a na siedzisku znajduje si\u0119 dodatkowa warstwa pianki poliuretanowej.<\/p><p>Sama tapicerka wykonana jest z mocnej i \u0142atwej w czyszczeniu tkaniny Plusz velvet<\/p><p>Tkanina ta jest praktyczna i \u0142atwa w czyszczeniu. Jej elegancka faktura w po\u0142\u0105czeniu z nowoczesnym kszta\u0142tem fotela doda twojemu wn\u0119trzu klasy.<\/p><p>\u00a0<\/p>\t\t\t\t\t\t\t\t<\/div>\n\t\t\t\t<\/div>\n\t\t\t\t\t<\/div>\n\t\t<\/div>\n\t\t\t\t\t<\/div>\n\t\t<\/section>\n\t\t\t\t<section class=\"elementor-section elementor-top-section elementor-element elementor-element-7771211 elementor-section-boxed elementor-section-height-default elementor-section-height-default\" data-id=\"7771211\" data-element_type=\"section\" data-e-type=\"section\">\n\t\t\t\t\t\t<div class=\"elementor-container elementor-column-gap-default\">\n\t\t\t\t\t<div class=\"elementor-column elementor-col-50 elementor-top-column elementor-element elementor-element-d8eae22\" data-id=\"d8eae22\" data-element_type=\"column\" data-e-type=\"column\">\n\t\t\t<div class=\"elementor-widget-wrap elementor-element-populated\">\n\t\t\t\t\t\t<div class=\"elementor-element elementor-element-d65e06c elementor-widget elementor-widget-text-editor\" data-id=\"d65e06c\" data-element_type=\"widget\" data-e-type=\"widget\" data-widget_type=\"text-editor.default\">\n\t\t\t\t<div class=\"elementor-widget-container\">\n\t\t\t\t\t\t\t\t\t<p>\u00a0<\/p><p><img decoding=\"async\" class=\"wp-image-1607 size-full alignleft\" src=\"https:\/\/meble.womil.pl\/wp-content\/uploads\/2021\/07\/1a386c084af4b67df9e79c1bd523.webp\" alt=\"\" width=\"1440\" height=\"663\" title=\"\" srcset=\"https:\/\/meble.womil.pl\/wp-content\/uploads\/2021\/07\/1a386c084af4b67df9e79c1bd523.webp 1440w, https:\/\/meble.womil.pl\/wp-content\/uploads\/2021\/07\/1a386c084af4b67df9e79c1bd523-300x138.webp 300w, https:\/\/meble.womil.pl\/wp-content\/uploads\/2021\/07\/1a386c084af4b67df9e79c1bd523-1024x471.webp 1024w, https:\/\/meble.womil.pl\/wp-content\/uploads\/2021\/07\/1a386c084af4b67df9e79c1bd523-768x354.webp 768w, https:\/\/meble.womil.pl\/wp-content\/uploads\/2021\/07\/1a386c084af4b67df9e79c1bd523-600x276.webp 600w\" sizes=\"(max-width: 1440px) 100vw, 1440px\" \/><\/p>\t\t\t\t\t\t\t\t<\/div>\n\t\t\t\t<\/div>\n\t\t\t\t\t<\/div>\n\t\t<\/div>\n\t\t\t\t<div class=\"elementor-column elementor-col-50 elementor-top-column elementor-element elementor-element-0cfa154\" data-id=\"0cfa154\" data-element_type=\"column\" data-e-type=\"column\">\n\t\t\t<div class=\"elementor-widget-wrap elementor-element-populated\">\n\t\t\t\t\t\t<div class=\"elementor-element elementor-element-dbd8a25 elementor-widget elementor-widget-text-editor\" data-id=\"dbd8a25\" data-element_type=\"widget\" data-e-type=\"widget\" data-widget_type=\"text-editor.default\">\n\t\t\t\t<div class=\"elementor-widget-container\">\n\t\t\t\t\t\t\t\t\t<div class=\"_1voj4 _z9prt _1xzdi _ai5yc _5d6n2 _15lj1\"><div class=\"_1bo4a _xu6h2 _1ylmp _2d49e_YrWCD\"><div class=\"_1voj4 _z9prt _1xzdi _ai5yc _5d6n2 _15lj1\"><div class=\"_2d49e_5pK0q\"><p><b>Parametry fizyczne<\/b><\/p><ul><li>G\u0142\u0119boko\u015b\u0107 mebla: 65 cm<\/li><li>Szeroko\u015b\u0107 mebla: 150 cm<\/li><li>Wysoko\u015b\u0107 mebla: 66 cm<\/li><\/ul><p><b>Siedzisko<\/b><\/p><ul><li>Wysoko\u015b\u0107 siedziska: 40 cm<\/li><li>Szeroko\u015b\u0107 siedziska: 136cm<\/li><li>G\u0142\u0119boko\u015b\u0107 siedziska: 50 cm<\/li><\/ul><\/div><\/div><\/div><\/div>\t\t\t\t\t\t\t\t<\/div>\n\t\t\t\t<\/div>\n\t\t\t\t\t<\/div>\n\t\t<\/div>\n\t\t\t\t\t<\/div>\n\t\t<\/section>\n\t\t\t\t<section class=\"elementor-section elementor-top-section elementor-element elementor-element-405f18b elementor-section-boxed elementor-section-height-default elementor-section-height-default\" data-id=\"405f18b\" data-element_type=\"section\" data-e-type=\"section\">\n\t\t\t\t\t\t<div class=\"elementor-container elementor-column-gap-default\">\n\t\t\t\t\t<div class=\"elementor-column elementor-col-100 elementor-top-column elementor-element elementor-element-de6c34d\" data-id=\"de6c34d\" data-element_type=\"column\" data-e-type=\"column\">\n\t\t\t<div class=\"elementor-widget-wrap elementor-element-populated\">\n\t\t\t\t\t\t<div class=\"elementor-element elementor-element-d3546aa elementor-widget elementor-widget-text-editor\" data-id=\"d3546aa\" data-element_type=\"widget\" data-e-type=\"widget\" data-widget_type=\"text-editor.default\">\n\t\t\t\t<div class=\"elementor-widget-container\">\n\t\t\t\t\t\t\t\t\t<p><img loading=\"lazy\" decoding=\"async\" class=\"aligncenter wp-image-3390 size-full\" src=\"http:\/\/meble.womil.pl\/wp-content\/uploads\/2025\/03\/probnik-plusz.jpg\" alt=\"\" width=\"768\" height=\"484\" title=\"\" srcset=\"https:\/\/meble.womil.pl\/wp-content\/uploads\/2025\/03\/probnik-plusz.jpg 768w, https:\/\/meble.womil.pl\/wp-content\/uploads\/2025\/03\/probnik-plusz-300x189.jpg 300w, https:\/\/meble.womil.pl\/wp-content\/uploads\/2025\/03\/probnik-plusz-600x378.jpg 600w\" sizes=\"(max-width: 768px) 100vw, 768px\" \/><\/p>\t\t\t\t\t\t\t\t<\/div>\n\t\t\t\t<\/div>\n\t\t\t\t\t<\/div>\n\t\t<\/div>\n\t\t\t\t\t<\/div>\n\t\t<\/section>\n\t\t\t\t<section class=\"elementor-section elementor-top-section elementor-element elementor-element-7c6aa53 elementor-section-boxed elementor-section-height-default elementor-section-height-default\" data-id=\"7c6aa53\" data-element_type=\"section\" data-e-type=\"section\">\n\t\t\t\t\t\t<div class=\"elementor-container elementor-column-gap-default\">\n\t\t\t\t\t<div class=\"elementor-column elementor-col-100 elementor-top-column elementor-element elementor-element-29c5954\" data-id=\"29c5954\" data-element_type=\"column\" data-e-type=\"column\">\n\t\t\t<div class=\"elementor-widget-wrap elementor-element-populated\">\n\t\t\t\t\t\t<div class=\"elementor-element elementor-element-2412180 elementor-widget elementor-widget-text-editor\" data-id=\"2412180\" data-element_type=\"widget\" data-e-type=\"widget\" data-widget_type=\"text-editor.default\">\n\t\t\t\t<div class=\"elementor-widget-container\">\n\t\t\t\t\t\t\t\t\t<p><b style=\"color: var( --e-global-color-text ); font-family: var( --e-global-typography-text-font-family ), Sans-serif;\">W ofercie mamy do wyboru 5 n\u00f3\u017cek.<\/b><\/p><p><img loading=\"lazy\" decoding=\"async\" class=\"aligncenter wp-image-2370\" src=\"https:\/\/meble.womil.pl\/wp-content\/uploads\/2023\/02\/nozki.png\" alt=\"\" width=\"686\" height=\"363\" title=\"\" srcset=\"https:\/\/meble.womil.pl\/wp-content\/uploads\/2023\/02\/nozki.png 686w, https:\/\/meble.womil.pl\/wp-content\/uploads\/2023\/02\/nozki-300x159.png 300w, https:\/\/meble.womil.pl\/wp-content\/uploads\/2023\/02\/nozki-600x317.png 600w\" sizes=\"(max-width: 686px) 100vw, 686px\" \/><\/p><p><b style=\"color: var( --e-global-color-text ); font-family: var( --e-global-typography-text-font-family ), Sans-serif;\">\u00a0<\/b><\/p>\t\t\t\t\t\t\t\t<\/div>\n\t\t\t\t<\/div>\n\t\t\t\t\t<\/div>\n\t\t<\/div>\n\t\t\t\t\t<\/div>\n\t\t<\/section>\n\t\t\t\t<\/div>\n\t\t","protected":false},"excerpt":{"rendered":"<p>Sofa Victor plusz velvet 120 cm to doskona\u0142e i nowoczesne uzupe\u0142nienie wystroju naszych wn\u0119trz &#8211; prostota i elegancja w jednym.<\/p>\n<p>Idealnie wkomponuje si\u0119 w ka\u017cde wn\u0119trze &#8211; pasuje do salonu lub biura, sprawdzi si\u0119 w lokalach rozrywkowych i gastronomicznych, pubach, klubach, kawiarniach czy dyskotekach.<\/p>\n<p>&nbsp;<\/p>\n","protected":false},"featured_media":1689,"comment_status":"open","ping_status":"closed","template":"","meta":[],"product_brand":[],"product_cat":[40,16],"product_tag":[],"class_list":{"0":"post-2636","1":"product","2":"type-product","3":"status-publish","4":"has-post-thumbnail","6":"product_cat-meble-na-eventy","7":"product_cat-sofy","8":"product_shipping_class-sofa1","10":"first","11":"instock","12":"featured","13":"taxable","14":"shipping-taxable","15":"purchasable","16":"product-type-variable"},"_links":{"self":[{"href":"https:\/\/meble.womil.pl\/index.php\/wp-json\/wp\/v2\/product\/2636","targetHints":{"allow":["GET"]}}],"collection":[{"href":"https:\/\/meble.womil.pl\/index.php\/wp-json\/wp\/v2\/product"}],"about":[{"href":"https:\/\/meble.womil.pl\/index.php\/wp-json\/wp\/v2\/types\/product"}],"replies":[{"embeddable":true,"href":"https:\/\/meble.womil.pl\/index.php\/wp-json\/wp\/v2\/comments?post=2636"}],"version-history":[{"count":10,"href":"https:\/\/meble.womil.pl\/index.php\/wp-json\/wp\/v2\/product\/2636\/revisions"}],"predecessor-version":[{"id":3457,"href":"https:\/\/meble.womil.pl\/index.php\/wp-json\/wp\/v2\/product\/2636\/revisions\/3457"}],"wp:featuredmedia":[{"embeddable":true,"href":"https:\/\/meble.womil.pl\/index.php\/wp-json\/wp\/v2\/media\/1689"}],"wp:attachment":[{"href":"https:\/\/meble.womil.pl\/index.php\/wp-json\/wp\/v2\/media?parent=2636"}],"wp:term":[{"taxonomy":"product_brand","embeddable":true,"href":"https:\/\/meble.womil.pl\/index.php\/wp-json\/wp\/v2\/product_brand?post=2636"},{"taxonomy":"product_cat","embeddable":true,"href":"https:\/\/meble.womil.pl\/index.php\/wp-json\/wp\/v2\/product_cat?post=2636"},{"taxonomy":"product_tag","embeddable":true,"href":"https:\/\/meble.womil.pl\/index.php\/wp-json\/wp\/v2\/product_tag?post=2636"}],"curies":[{"name":"wp","href":"https:\/\/api.w.org\/{rel}","templated":true}]}}