{"id":1453,"date":"2021-07-02T17:16:05","date_gmt":"2021-07-02T15:16:05","guid":{"rendered":"https:\/\/meble.womil.pl\/?post_type=product&#038;p=1453"},"modified":"2025-03-05T12:32:57","modified_gmt":"2025-03-05T11:32:57","slug":"fotel-klubowy-tomi-plusz-pudrowy-roz","status":"publish","type":"product","link":"https:\/\/meble.womil.pl\/index.php\/produkt\/fotel-klubowy-tomi-plusz-pudrowy-roz\/","title":{"rendered":"Fotel Klubowy Tomi &#8211; plusz pudrowy r\u00f3\u017c"},"content":{"rendered":"\t\t<div data-elementor-type=\"wp-post\" data-elementor-id=\"1453\" class=\"elementor elementor-1453\">\n\t\t\t\t\t\t<section class=\"elementor-section elementor-top-section elementor-element elementor-element-2f09cd8 elementor-section-boxed elementor-section-height-default elementor-section-height-default\" data-id=\"2f09cd8\" data-element_type=\"section\" data-e-type=\"section\">\n\t\t\t\t\t\t<div class=\"elementor-container elementor-column-gap-default\">\n\t\t\t\t\t<div class=\"elementor-column elementor-col-100 elementor-top-column elementor-element elementor-element-a449ae9\" data-id=\"a449ae9\" data-element_type=\"column\" data-e-type=\"column\">\n\t\t\t<div class=\"elementor-widget-wrap elementor-element-populated\">\n\t\t\t\t\t\t<div class=\"elementor-element elementor-element-75103d7 elementor-widget elementor-widget-text-editor\" data-id=\"75103d7\" data-element_type=\"widget\" data-e-type=\"widget\" data-widget_type=\"text-editor.default\">\n\t\t\t\t<div class=\"elementor-widget-container\">\n\t\t\t\t\t\t\t\t\t<h1>Fotel klubowy Tomi<\/h1><p>Fotel Tomi to doskona\u0142e i nowoczesne uzupe\u0142nienie wystroju naszych wn\u0119trz &#8211; prostota i elegancja w jednym.<\/p><p>Idealnie wkomponuje si\u0119 w ka\u017cde wn\u0119trze &#8211; pasuje do salonu lub biura, sprawdzi si\u0119 w lokalach rozrywkowych i gastronomicznych, pubach, klubach, kawiarniach czy dyskotekach.<\/p>\t\t\t\t\t\t\t\t<\/div>\n\t\t\t\t<\/div>\n\t\t\t\t\t<\/div>\n\t\t<\/div>\n\t\t\t\t\t<\/div>\n\t\t<\/section>\n\t\t\t\t<section class=\"elementor-section elementor-top-section elementor-element elementor-element-bab511c elementor-section-boxed elementor-section-height-default elementor-section-height-default\" data-id=\"bab511c\" data-element_type=\"section\" data-e-type=\"section\">\n\t\t\t\t\t\t<div class=\"elementor-container elementor-column-gap-default\">\n\t\t\t\t\t\t<\/div>\n\t\t<\/section>\n\t\t\t\t<section class=\"elementor-section elementor-top-section elementor-element elementor-element-93bcbcd elementor-section-boxed elementor-section-height-default elementor-section-height-default\" data-id=\"93bcbcd\" data-element_type=\"section\" data-e-type=\"section\">\n\t\t\t\t\t\t<div class=\"elementor-container elementor-column-gap-default\">\n\t\t\t\t\t<div class=\"elementor-column elementor-col-100 elementor-top-column elementor-element elementor-element-7a49dbd\" data-id=\"7a49dbd\" data-element_type=\"column\" data-e-type=\"column\">\n\t\t\t<div class=\"elementor-widget-wrap elementor-element-populated\">\n\t\t\t\t\t\t<div class=\"elementor-element elementor-element-91bafab elementor-widget elementor-widget-text-editor\" data-id=\"91bafab\" data-element_type=\"widget\" data-e-type=\"widget\" data-widget_type=\"text-editor.default\">\n\t\t\t\t<div class=\"elementor-widget-container\">\n\t\t\t\t\t\t\t\t\t<p>\u00a0 <img fetchpriority=\"high\" decoding=\"async\" class=\"size-medium wp-image-1456 aligncenter\" src=\"https:\/\/meble.womil.pl\/wp-content\/uploads\/2021\/07\/Tomi_roz-removebg-preview-281x300.png\" alt=\"\" width=\"281\" height=\"300\" title=\"\" srcset=\"https:\/\/meble.womil.pl\/wp-content\/uploads\/2021\/07\/Tomi_roz-removebg-preview-281x300.png 281w, https:\/\/meble.womil.pl\/wp-content\/uploads\/2021\/07\/Tomi_roz-removebg-preview.png 483w\" sizes=\"(max-width: 281px) 100vw, 281px\" \/><img decoding=\"async\" class=\"alignnone size-medium wp-image-1455\" src=\"https:\/\/meble.womil.pl\/wp-content\/uploads\/2021\/07\/Tomi_roz_1-removebg-preview-271x300.png\" alt=\"\" width=\"271\" height=\"300\" title=\"\" srcset=\"https:\/\/meble.womil.pl\/wp-content\/uploads\/2021\/07\/Tomi_roz_1-removebg-preview-271x300.png 271w, https:\/\/meble.womil.pl\/wp-content\/uploads\/2021\/07\/Tomi_roz_1-removebg-preview.png 475w\" sizes=\"(max-width: 271px) 100vw, 271px\" \/><\/p>\t\t\t\t\t\t\t\t<\/div>\n\t\t\t\t<\/div>\n\t\t\t\t\t<\/div>\n\t\t<\/div>\n\t\t\t\t\t<\/div>\n\t\t<\/section>\n\t\t\t\t<section class=\"elementor-section elementor-top-section elementor-element elementor-element-b2d72b2 elementor-section-boxed elementor-section-height-default elementor-section-height-default\" data-id=\"b2d72b2\" data-element_type=\"section\" data-e-type=\"section\">\n\t\t\t\t\t\t<div class=\"elementor-container elementor-column-gap-default\">\n\t\t\t\t\t<div class=\"elementor-column elementor-col-100 elementor-top-column elementor-element elementor-element-4665c76\" data-id=\"4665c76\" data-element_type=\"column\" data-e-type=\"column\">\n\t\t\t<div class=\"elementor-widget-wrap elementor-element-populated\">\n\t\t\t\t\t\t<div class=\"elementor-element elementor-element-2fba21c elementor-widget elementor-widget-text-editor\" data-id=\"2fba21c\" data-element_type=\"widget\" data-e-type=\"widget\" data-widget_type=\"text-editor.default\">\n\t\t\t\t<div class=\"elementor-widget-container\">\n\t\t\t\t\t\t\t\t\t<p>Nasze fotele wykonujemy z wysokiej jako\u015bci materia\u0142\u00f3w. Stela\u017c oklejony jest wat\u0105 wysoko puszyst\u0105 oraz piank\u0105 poliuretanow\u0105 nadaj\u0105c\u0105 fotelowi po\u017c\u0105danej mi\u0119kko\u015bci i wygody, a na siedzisku znajduje si\u0119 dodatkowa warstwa pianki poliuretanowej.<\/p><p>Sama tapicerka wykonana jest z mocnej i przyjemnej w dotyku tkaniny <b>PLUSZ. <\/b>Tkanina ta jest praktyczna i \u0142atwa w czyszczeniu. Jej elegancka faktura w po\u0142\u0105czeniu z nowoczesnym kszta\u0142tem fotela doda twojemu wn\u0119trzu klasy.<\/p>\t\t\t\t\t\t\t\t<\/div>\n\t\t\t\t<\/div>\n\t\t\t\t\t<\/div>\n\t\t<\/div>\n\t\t\t\t\t<\/div>\n\t\t<\/section>\n\t\t\t\t<section class=\"elementor-section elementor-top-section elementor-element elementor-element-7771211 elementor-section-boxed elementor-section-height-default elementor-section-height-default\" data-id=\"7771211\" data-element_type=\"section\" data-e-type=\"section\">\n\t\t\t\t\t\t<div class=\"elementor-container elementor-column-gap-default\">\n\t\t\t\t\t<div class=\"elementor-column elementor-col-50 elementor-top-column elementor-element elementor-element-d8eae22\" data-id=\"d8eae22\" data-element_type=\"column\" data-e-type=\"column\">\n\t\t\t<div class=\"elementor-widget-wrap elementor-element-populated\">\n\t\t\t\t\t\t<div class=\"elementor-element elementor-element-d65e06c elementor-widget elementor-widget-text-editor\" data-id=\"d65e06c\" data-element_type=\"widget\" data-e-type=\"widget\" data-widget_type=\"text-editor.default\">\n\t\t\t\t<div class=\"elementor-widget-container\">\n\t\t\t\t\t\t\t\t\t<p><img decoding=\"async\" class=\"aligncenter wp-image-525 size-full\" src=\"https:\/\/meble.womil.pl\/wp-content\/uploads\/2021\/03\/IMG_1597-removebg-preview-23.png\" alt=\"\" width=\"320\" height=\"370\" title=\"\" srcset=\"https:\/\/meble.womil.pl\/wp-content\/uploads\/2021\/03\/IMG_1597-removebg-preview-23.png 320w, https:\/\/meble.womil.pl\/wp-content\/uploads\/2021\/03\/IMG_1597-removebg-preview-23-259x300.png 259w\" sizes=\"(max-width: 320px) 100vw, 320px\" \/><\/p>\t\t\t\t\t\t\t\t<\/div>\n\t\t\t\t<\/div>\n\t\t\t\t\t<\/div>\n\t\t<\/div>\n\t\t\t\t<div class=\"elementor-column elementor-col-50 elementor-top-column elementor-element elementor-element-0cfa154\" data-id=\"0cfa154\" data-element_type=\"column\" data-e-type=\"column\">\n\t\t\t<div class=\"elementor-widget-wrap elementor-element-populated\">\n\t\t\t\t\t\t<div class=\"elementor-element elementor-element-dbd8a25 elementor-widget elementor-widget-text-editor\" data-id=\"dbd8a25\" data-element_type=\"widget\" data-e-type=\"widget\" data-widget_type=\"text-editor.default\">\n\t\t\t\t<div class=\"elementor-widget-container\">\n\t\t\t\t\t\t\t\t\t<div class=\"_1voj4 _z9prt _1xzdi _ai5yc _5d6n2 _15lj1\"><div class=\"_1bo4a _xu6h2 _1ylmp _2d49e_YrWCD\"><div class=\"_1voj4 _z9prt _1xzdi _ai5yc _5d6n2 _15lj1\"><div class=\"_2d49e_5pK0q\"><div class=\"_1voj4 _z9prt _1xzdi _ai5yc _5d6n2 _15lj1\"><div class=\"_2d49e_5pK0q\"><p><b>Parametry fizyczne<\/b><\/p><ul><li>G\u0142\u0119boko\u015b\u0107 mebla: 44 cm<\/li><li>Szeroko\u015b\u0107 mebla: 60 cm<\/li><li>Wysoko\u015b\u0107 mebla: 73 cm<\/li><\/ul><p><b>Siedzisko<\/b><\/p><ul><li>Wysoko\u015b\u0107 siedziska: 43 cm<\/li><li>Szeroko\u015b\u0107 siedziska: 46 cm<\/li><li>G\u0142\u0119boko\u015b\u0107 siedziska: 44 cm<\/li><\/ul><p><b>Obci\u0105\u017cenie maksymalne<\/b>: 100 kg<\/p><\/div><\/div><\/div><\/div><\/div><\/div>\t\t\t\t\t\t\t\t<\/div>\n\t\t\t\t<\/div>\n\t\t\t\t\t<\/div>\n\t\t<\/div>\n\t\t\t\t\t<\/div>\n\t\t<\/section>\n\t\t\t\t<\/div>\n\t\t","protected":false},"excerpt":{"rendered":"<p>Fotel Tomi to doskona\u0142e i nowoczesne uzupe\u0142nienie wystroju naszych wn\u0119trz &#8211; prostota i elegancja w jednym.<\/p>\n","protected":false},"featured_media":1455,"comment_status":"open","ping_status":"closed","template":"","meta":[],"product_brand":[],"product_cat":[17],"product_tag":[],"class_list":{"0":"post-1453","1":"product","2":"type-product","3":"status-publish","4":"has-post-thumbnail","6":"product_cat-fotele","8":"first","9":"instock","10":"taxable","11":"shipping-taxable","12":"purchasable","13":"product-type-simple"},"_links":{"self":[{"href":"https:\/\/meble.womil.pl\/index.php\/wp-json\/wp\/v2\/product\/1453","targetHints":{"allow":["GET"]}}],"collection":[{"href":"https:\/\/meble.womil.pl\/index.php\/wp-json\/wp\/v2\/product"}],"about":[{"href":"https:\/\/meble.womil.pl\/index.php\/wp-json\/wp\/v2\/types\/product"}],"replies":[{"embeddable":true,"href":"https:\/\/meble.womil.pl\/index.php\/wp-json\/wp\/v2\/comments?post=1453"}],"version-history":[{"count":5,"href":"https:\/\/meble.womil.pl\/index.php\/wp-json\/wp\/v2\/product\/1453\/revisions"}],"predecessor-version":[{"id":1460,"href":"https:\/\/meble.womil.pl\/index.php\/wp-json\/wp\/v2\/product\/1453\/revisions\/1460"}],"wp:featuredmedia":[{"embeddable":true,"href":"https:\/\/meble.womil.pl\/index.php\/wp-json\/wp\/v2\/media\/1455"}],"wp:attachment":[{"href":"https:\/\/meble.womil.pl\/index.php\/wp-json\/wp\/v2\/media?parent=1453"}],"wp:term":[{"taxonomy":"product_brand","embeddable":true,"href":"https:\/\/meble.womil.pl\/index.php\/wp-json\/wp\/v2\/product_brand?post=1453"},{"taxonomy":"product_cat","embeddable":true,"href":"https:\/\/meble.womil.pl\/index.php\/wp-json\/wp\/v2\/product_cat?post=1453"},{"taxonomy":"product_tag","embeddable":true,"href":"https:\/\/meble.womil.pl\/index.php\/wp-json\/wp\/v2\/product_tag?post=1453"}],"curies":[{"name":"wp","href":"https:\/\/api.w.org\/{rel}","templated":true}]}}